{"id":419,"date":"2020-06-11T14:21:28","date_gmt":"2020-06-11T11:21:28","guid":{"rendered":"https:\/\/www.techtex.ro\/?page_id=419"},"modified":"2020-06-24T13:23:16","modified_gmt":"2020-06-24T10:23:16","slug":"research-and-development","status":"publish","type":"page","link":"https:\/\/www.techtex.ro\/en\/company\/research-and-development\/","title":{"rendered":"Research and Development"},"content":{"rendered":"\n<p>Innovation is at the heart of the TAPARO Group&#8217;s strategy. The research and development team uses modern technologies to innovate and change manufacturing processes. By constantly delivering high quality products at a competitive cost, the Group has successfully built long-term partnerships all over the world. At the same time, the Group has the ability to increase output volumes, as well as to expand the range of products.<\/p>\n\n\n\n<p>As such, TAPARO has been able to ensure access to the raw materials required to manufacture nonwoven fabrics for medical and hygiene products and quickly set up several production units, with automated and high-performance machinery for the manufacturing of masks and other personal protection equipment.<\/p>\n\n\n\n<div class=\"wp-block-columns is-layout-flex wp-container-core-columns-is-layout-1 wp-block-columns-is-layout-flex\">\n<div class=\"wp-block-column is-layout-flow wp-block-column-is-layout-flow\">\n<p>TECHTEX holds a unique competitive position, being the only Romanian manufacturer of polypropylene non-woven textiles.<\/p>\n\n\n\n<p><strong>The output of protective masks will gradually increase to 35 million pieces \/ month, starting with September 2020.\u201d<\/strong><\/p>\n<\/div>\n\n\n\n<div class=\"wp-block-column is-layout-flow wp-block-column-is-layout-flow\">\n<figure class=\"wp-block-image size-full\"><img decoding=\"async\" width=\"464\" height=\"330\" src=\"https:\/\/www.techtex.ro\/wp-content\/uploads\/evolutia-capacitatii-de-productie-masti-techtex.jpg\" alt=\"\" class=\"wp-image-268\" srcset=\"https:\/\/www.techtex.ro\/wp-content\/uploads\/evolutia-capacitatii-de-productie-masti-techtex.jpg 464w, https:\/\/www.techtex.ro\/wp-content\/uploads\/evolutia-capacitatii-de-productie-masti-techtex-300x213.jpg 300w, https:\/\/www.techtex.ro\/wp-content\/uploads\/evolutia-capacitatii-de-productie-masti-techtex-420x300.jpg 420w\" sizes=\"(max-width: 464px) 100vw, 464px\" \/><\/figure>\n<\/div>\n<\/div>\n\n\n\n<p><\/p>\n","protected":false},"excerpt":{"rendered":"<p>Innovation is at the heart of the TAPARO Group&#8217;s strategy. The research and development team uses modern technologies to innovate and change manufacturing processes. By constantly delivering high quality products at a competitive cost, the Group has successfully built long-term partnerships all over the world. At the same time, the Group has the ability to increase output volumes, as well as to expand the range of products.<\/p>\n","protected":false},"author":3,"featured_media":0,"parent":444,"menu_order":0,"comment_status":"closed","ping_status":"closed","template":"","meta":{"footnotes":""},"yoast_head":"<!-- This site is optimized with the Yoast SEO plugin v24.5 - https:\/\/yoast.com\/wordpress\/plugins\/seo\/ -->\n<title>Research and Development - TechTex<\/title>\n<meta name=\"robots\" content=\"index, follow, max-snippet:-1, max-image-preview:large, max-video-preview:-1\" \/>\n<link rel=\"canonical\" href=\"https:\/\/www.techtex.ro\/en\/company\/research-and-development\/\" \/>\n<meta property=\"og:locale\" content=\"en_US\" \/>\n<meta property=\"og:type\" content=\"article\" \/>\n<meta property=\"og:title\" content=\"Research and Development - TechTex\" \/>\n<meta property=\"og:description\" content=\"Innovation is at the heart of the TAPARO Group&#039;s strategy. The research and development team uses modern technologies to innovate and change manufacturing processes. By constantly delivering high quality products at a competitive cost, the Group has successfully built long-term partnerships all over the world. At the same time, the Group has the ability to increase output volumes, as well as to expand the range of products.\" \/>\n<meta property=\"og:url\" content=\"https:\/\/www.techtex.ro\/en\/company\/research-and-development\/\" \/>\n<meta property=\"og:site_name\" content=\"TechTex\" \/>\n<meta property=\"article:publisher\" content=\"https:\/\/www.facebook.com\/pg\/TECHTEXRomania\" \/>\n<meta property=\"article:modified_time\" content=\"2020-06-24T10:23:16+00:00\" \/>\n<meta property=\"og:image\" content=\"https:\/\/www.techtex.ro\/wp-content\/uploads\/evolutia-capacitatii-de-productie-masti-techtex.jpg\" \/>\n<meta name=\"twitter:card\" content=\"summary_large_image\" \/>\n<meta name=\"twitter:site\" content=\"@Techtex4\" \/>\n<meta name=\"twitter:label1\" content=\"Est. reading time\" \/>\n\t<meta name=\"twitter:data1\" content=\"1 minute\" \/>\n<script type=\"application\/ld+json\" class=\"yoast-schema-graph\">{\"@context\":\"https:\/\/schema.org\",\"@graph\":[{\"@type\":\"WebPage\",\"@id\":\"https:\/\/www.techtex.ro\/en\/company\/research-and-development\/\",\"url\":\"https:\/\/www.techtex.ro\/en\/company\/research-and-development\/\",\"name\":\"Research and Development - TechTex\",\"isPartOf\":{\"@id\":\"https:\/\/www.techtex.ro\/#website\"},\"primaryImageOfPage\":{\"@id\":\"https:\/\/www.techtex.ro\/en\/company\/research-and-development\/#primaryimage\"},\"image\":{\"@id\":\"https:\/\/www.techtex.ro\/en\/company\/research-and-development\/#primaryimage\"},\"thumbnailUrl\":\"https:\/\/www.techtex.ro\/wp-content\/uploads\/evolutia-capacitatii-de-productie-masti-techtex.jpg\",\"datePublished\":\"2020-06-11T11:21:28+00:00\",\"dateModified\":\"2020-06-24T10:23:16+00:00\",\"breadcrumb\":{\"@id\":\"https:\/\/www.techtex.ro\/en\/company\/research-and-development\/#breadcrumb\"},\"inLanguage\":\"en-US\",\"potentialAction\":[{\"@type\":\"ReadAction\",\"target\":[\"https:\/\/www.techtex.ro\/en\/company\/research-and-development\/\"]}]},{\"@type\":\"ImageObject\",\"inLanguage\":\"en-US\",\"@id\":\"https:\/\/www.techtex.ro\/en\/company\/research-and-development\/#primaryimage\",\"url\":\"https:\/\/www.techtex.ro\/wp-content\/uploads\/evolutia-capacitatii-de-productie-masti-techtex.jpg\",\"contentUrl\":\"https:\/\/www.techtex.ro\/wp-content\/uploads\/evolutia-capacitatii-de-productie-masti-techtex.jpg\"},{\"@type\":\"BreadcrumbList\",\"@id\":\"https:\/\/www.techtex.ro\/en\/company\/research-and-development\/#breadcrumb\",\"itemListElement\":[{\"@type\":\"ListItem\",\"position\":1,\"name\":\"Acasa\",\"item\":\"https:\/\/www.techtex.ro\/en\/\"},{\"@type\":\"ListItem\",\"position\":2,\"name\":\"The first medical textiles factory with 100% Romanian capital\",\"item\":\"https:\/\/www.techtex.ro\/en\/company\/\"},{\"@type\":\"ListItem\",\"position\":3,\"name\":\"Research and Development\"}]},{\"@type\":\"WebSite\",\"@id\":\"https:\/\/www.techtex.ro\/#website\",\"url\":\"https:\/\/www.techtex.ro\/\",\"name\":\"TechTex\",\"description\":\"Techtex este prima fabric\u0103 rom\u00e2neasc\u0103 de textile medicale \u0219i de igien\u0103.\",\"publisher\":{\"@id\":\"https:\/\/www.techtex.ro\/#organization\"},\"potentialAction\":[{\"@type\":\"SearchAction\",\"target\":{\"@type\":\"EntryPoint\",\"urlTemplate\":\"https:\/\/www.techtex.ro\/?s={search_term_string}\"},\"query-input\":{\"@type\":\"PropertyValueSpecification\",\"valueRequired\":true,\"valueName\":\"search_term_string\"}}],\"inLanguage\":\"en-US\"},{\"@type\":\"Organization\",\"@id\":\"https:\/\/www.techtex.ro\/#organization\",\"name\":\"TechTex\",\"url\":\"https:\/\/www.techtex.ro\/\",\"logo\":{\"@type\":\"ImageObject\",\"inLanguage\":\"en-US\",\"@id\":\"https:\/\/www.techtex.ro\/#\/schema\/logo\/image\/\",\"url\":\"https:\/\/www.techtex.ro\/wp-content\/uploads\/techtex-cover.jpg\",\"contentUrl\":\"https:\/\/www.techtex.ro\/wp-content\/uploads\/techtex-cover.jpg\",\"width\":1640,\"height\":720,\"caption\":\"TechTex\"},\"image\":{\"@id\":\"https:\/\/www.techtex.ro\/#\/schema\/logo\/image\/\"},\"sameAs\":[\"https:\/\/www.facebook.com\/pg\/TECHTEXRomania\",\"https:\/\/x.com\/Techtex4\",\"https:\/\/www.instagram.com\/techtexromania\/\",\"https:\/\/www.linkedin.com\/company\/techtex-romania\/\",\"https:\/\/www.youtube.com\/channel\/UCUp0uF2lDyuNy-IwG-x_FPQ\"]}]}<\/script>\n<!-- \/ Yoast SEO plugin. -->","yoast_head_json":{"title":"Research and Development - TechTex","robots":{"index":"index","follow":"follow","max-snippet":"max-snippet:-1","max-image-preview":"max-image-preview:large","max-video-preview":"max-video-preview:-1"},"canonical":"https:\/\/www.techtex.ro\/en\/company\/research-and-development\/","og_locale":"en_US","og_type":"article","og_title":"Research and Development - TechTex","og_description":"Innovation is at the heart of the TAPARO Group's strategy. The research and development team uses modern technologies to innovate and change manufacturing processes. By constantly delivering high quality products at a competitive cost, the Group has successfully built long-term partnerships all over the world. At the same time, the Group has the ability to increase output volumes, as well as to expand the range of products.","og_url":"https:\/\/www.techtex.ro\/en\/company\/research-and-development\/","og_site_name":"TechTex","article_publisher":"https:\/\/www.facebook.com\/pg\/TECHTEXRomania","article_modified_time":"2020-06-24T10:23:16+00:00","og_image":[{"url":"https:\/\/www.techtex.ro\/wp-content\/uploads\/evolutia-capacitatii-de-productie-masti-techtex.jpg","type":"","width":"","height":""}],"twitter_card":"summary_large_image","twitter_site":"@Techtex4","twitter_misc":{"Est. reading time":"1 minute"},"schema":{"@context":"https:\/\/schema.org","@graph":[{"@type":"WebPage","@id":"https:\/\/www.techtex.ro\/en\/company\/research-and-development\/","url":"https:\/\/www.techtex.ro\/en\/company\/research-and-development\/","name":"Research and Development - TechTex","isPartOf":{"@id":"https:\/\/www.techtex.ro\/#website"},"primaryImageOfPage":{"@id":"https:\/\/www.techtex.ro\/en\/company\/research-and-development\/#primaryimage"},"image":{"@id":"https:\/\/www.techtex.ro\/en\/company\/research-and-development\/#primaryimage"},"thumbnailUrl":"https:\/\/www.techtex.ro\/wp-content\/uploads\/evolutia-capacitatii-de-productie-masti-techtex.jpg","datePublished":"2020-06-11T11:21:28+00:00","dateModified":"2020-06-24T10:23:16+00:00","breadcrumb":{"@id":"https:\/\/www.techtex.ro\/en\/company\/research-and-development\/#breadcrumb"},"inLanguage":"en-US","potentialAction":[{"@type":"ReadAction","target":["https:\/\/www.techtex.ro\/en\/company\/research-and-development\/"]}]},{"@type":"ImageObject","inLanguage":"en-US","@id":"https:\/\/www.techtex.ro\/en\/company\/research-and-development\/#primaryimage","url":"https:\/\/www.techtex.ro\/wp-content\/uploads\/evolutia-capacitatii-de-productie-masti-techtex.jpg","contentUrl":"https:\/\/www.techtex.ro\/wp-content\/uploads\/evolutia-capacitatii-de-productie-masti-techtex.jpg"},{"@type":"BreadcrumbList","@id":"https:\/\/www.techtex.ro\/en\/company\/research-and-development\/#breadcrumb","itemListElement":[{"@type":"ListItem","position":1,"name":"Acasa","item":"https:\/\/www.techtex.ro\/en\/"},{"@type":"ListItem","position":2,"name":"The first medical textiles factory with 100% Romanian capital","item":"https:\/\/www.techtex.ro\/en\/company\/"},{"@type":"ListItem","position":3,"name":"Research and Development"}]},{"@type":"WebSite","@id":"https:\/\/www.techtex.ro\/#website","url":"https:\/\/www.techtex.ro\/","name":"TechTex","description":"Techtex este prima fabric\u0103 rom\u00e2neasc\u0103 de textile medicale \u0219i de igien\u0103.","publisher":{"@id":"https:\/\/www.techtex.ro\/#organization"},"potentialAction":[{"@type":"SearchAction","target":{"@type":"EntryPoint","urlTemplate":"https:\/\/www.techtex.ro\/?s={search_term_string}"},"query-input":{"@type":"PropertyValueSpecification","valueRequired":true,"valueName":"search_term_string"}}],"inLanguage":"en-US"},{"@type":"Organization","@id":"https:\/\/www.techtex.ro\/#organization","name":"TechTex","url":"https:\/\/www.techtex.ro\/","logo":{"@type":"ImageObject","inLanguage":"en-US","@id":"https:\/\/www.techtex.ro\/#\/schema\/logo\/image\/","url":"https:\/\/www.techtex.ro\/wp-content\/uploads\/techtex-cover.jpg","contentUrl":"https:\/\/www.techtex.ro\/wp-content\/uploads\/techtex-cover.jpg","width":1640,"height":720,"caption":"TechTex"},"image":{"@id":"https:\/\/www.techtex.ro\/#\/schema\/logo\/image\/"},"sameAs":["https:\/\/www.facebook.com\/pg\/TECHTEXRomania","https:\/\/x.com\/Techtex4","https:\/\/www.instagram.com\/techtexromania\/","https:\/\/www.linkedin.com\/company\/techtex-romania\/","https:\/\/www.youtube.com\/channel\/UCUp0uF2lDyuNy-IwG-x_FPQ"]}]}},"_links":{"self":[{"href":"https:\/\/www.techtex.ro\/en\/wp-json\/wp\/v2\/pages\/419"}],"collection":[{"href":"https:\/\/www.techtex.ro\/en\/wp-json\/wp\/v2\/pages"}],"about":[{"href":"https:\/\/www.techtex.ro\/en\/wp-json\/wp\/v2\/types\/page"}],"author":[{"embeddable":true,"href":"https:\/\/www.techtex.ro\/en\/wp-json\/wp\/v2\/users\/3"}],"replies":[{"embeddable":true,"href":"https:\/\/www.techtex.ro\/en\/wp-json\/wp\/v2\/comments?post=419"}],"version-history":[{"count":10,"href":"https:\/\/www.techtex.ro\/en\/wp-json\/wp\/v2\/pages\/419\/revisions"}],"predecessor-version":[{"id":637,"href":"https:\/\/www.techtex.ro\/en\/wp-json\/wp\/v2\/pages\/419\/revisions\/637"}],"up":[{"embeddable":true,"href":"https:\/\/www.techtex.ro\/en\/wp-json\/wp\/v2\/pages\/444"}],"wp:attachment":[{"href":"https:\/\/www.techtex.ro\/en\/wp-json\/wp\/v2\/media?parent=419"}],"curies":[{"name":"wp","href":"https:\/\/api.w.org\/{rel}","templated":true}]}}