{"id":1560,"date":"2021-07-03T19:57:14","date_gmt":"2021-07-03T16:57:14","guid":{"rendered":"https:\/\/www.techtex.ro\/?page_id=1560"},"modified":"2021-07-05T18:46:03","modified_gmt":"2021-07-05T15:46:03","slug":"mcf","status":"publish","type":"page","link":"https:\/\/www.techtex.ro\/en\/industry\/mcf\/","title":{"rendered":"MCF"},"content":{"rendered":"\n<div class=\"wp-block-columns is-layout-flex wp-container-core-columns-is-layout-1 wp-block-columns-is-layout-flex\">\n<div class=\"wp-block-column is-layout-flow wp-block-column-is-layout-flow\"><style>.kb-gallery-id-_41ec83-43 .kadence-blocks-gallery-item .kb-gal-image-radius, .kb-gallery-id-_41ec83-43 .kb-slide-item .kb-gal-image-radius img{border-radius:0px 0px 0px 0px;;}.kb-gallery-wrap-id-_41ec83-43.wp-block-kadence-advancedgallery{overflow:visible;}.kb-gallery-wrap-id-_41ec83-43.wp-block-kadence-advancedgallery .kt-blocks-carousel{overflow:visible;}<\/style>\n<div class=\"wp-block-kadence-advancedgallery kb-gallery-wrap-id-_41ec83-43\"><div class=\"kb-gallery-ul kb-gallery-type-slider kb-gallery-id-_41ec83-43 kb-gallery-caption-style-bottom-hover kb-gallery-filter-none\" data-image-filter=\"none\" data-lightbox-caption=\"true\"><div class=\"kt-blocks-carousel kt-carousel-container-dotstyle-dark\"><div class=\"kt-blocks-carousel-init kb-blocks-slider kt-carousel-arrowstyle-none kt-carousel-dotstyle-dark\" data-slider-anim-speed=\"400\" data-slider-type=\"slider\" data-slider-scroll=\"1\" data-slider-arrows=\"false\" data-slider-dots=\"true\" data-slider-hover-pause=\"false\" data-slider-auto=\"false\" data-slider-speed=\"7000\"><div class=\"kb-slide-item kb-gallery-slide-item\"><div class=\"kadence-blocks-gallery-item\"><div class=\"kadence-blocks-gallery-item-inner\"><figure class=\"kb-gallery-figure kadence-blocks-gallery-item-hide-caption kb-has-image-ratio-square\"><div class=\"kb-gal-image-radius\"><div class=\"kb-gallery-image-contain kadence-blocks-gallery-intrinsic kb-gallery-image-ratio-square\"><img decoding=\"async\" src=\"https:\/\/www.techtex.ro\/wp-content\/uploads\/MCF-WHITE-400-2.jpg\" width=\"600\" height=\"600\" alt=\"\" data-full-image=\"https:\/\/www.techtex.ro\/wp-content\/uploads\/MCF-WHITE-400-2.jpg\" data-light-image=\"https:\/\/www.techtex.ro\/wp-content\/uploads\/MCF-WHITE-400-2.jpg\" data-id=\"1644\" data-link=\"https:\/\/www.techtex.ro\/en\/industry\/mcf\/mcf-white-400-2-2\/\" class=\"wp-image-1644 skip-lazy\" srcset=\"https:\/\/www.techtex.ro\/wp-content\/uploads\/MCF-WHITE-400-2.jpg 600w, https:\/\/www.techtex.ro\/wp-content\/uploads\/MCF-WHITE-400-2-300x300.jpg 300w, https:\/\/www.techtex.ro\/wp-content\/uploads\/MCF-WHITE-400-2-150x150.jpg 150w\" sizes=\"(max-width: 600px) 100vw, 600px\" \/><\/div><\/div><\/figure><\/div><\/div><\/div><div class=\"kb-slide-item kb-gallery-slide-item\"><div class=\"kadence-blocks-gallery-item\"><div class=\"kadence-blocks-gallery-item-inner\"><figure class=\"kb-gallery-figure kadence-blocks-gallery-item-hide-caption kb-has-image-ratio-square\"><div class=\"kb-gal-image-radius\"><div class=\"kb-gallery-image-contain kadence-blocks-gallery-intrinsic kb-gallery-image-ratio-square\"><img decoding=\"async\" src=\"https:\/\/www.techtex.ro\/wp-content\/uploads\/MCF-WHITE-200-2.jpg\" width=\"600\" height=\"600\" alt=\"\" data-full-image=\"https:\/\/www.techtex.ro\/wp-content\/uploads\/MCF-WHITE-200-2.jpg\" data-light-image=\"https:\/\/www.techtex.ro\/wp-content\/uploads\/MCF-WHITE-200-2.jpg\" data-id=\"1640\" data-link=\"https:\/\/www.techtex.ro\/en\/industry\/mcf\/mcf-white-200-2-2\/\" class=\"wp-image-1640 skip-lazy\" srcset=\"https:\/\/www.techtex.ro\/wp-content\/uploads\/MCF-WHITE-200-2.jpg 600w, https:\/\/www.techtex.ro\/wp-content\/uploads\/MCF-WHITE-200-2-300x300.jpg 300w, https:\/\/www.techtex.ro\/wp-content\/uploads\/MCF-WHITE-200-2-150x150.jpg 150w\" sizes=\"(max-width: 600px) 100vw, 600px\" \/><\/div><\/div><\/figure><\/div><\/div><\/div><div class=\"kb-slide-item kb-gallery-slide-item\"><div class=\"kadence-blocks-gallery-item\"><div class=\"kadence-blocks-gallery-item-inner\"><figure class=\"kb-gallery-figure kadence-blocks-gallery-item-hide-caption kb-has-image-ratio-square\"><div class=\"kb-gal-image-radius\"><div class=\"kb-gallery-image-contain kadence-blocks-gallery-intrinsic kb-gallery-image-ratio-square\"><img decoding=\"async\" src=\"https:\/\/www.techtex.ro\/wp-content\/uploads\/MCF-WHITE-400-1.jpg\" width=\"600\" height=\"600\" alt=\"\" data-full-image=\"https:\/\/www.techtex.ro\/wp-content\/uploads\/MCF-WHITE-400-1.jpg\" data-light-image=\"https:\/\/www.techtex.ro\/wp-content\/uploads\/MCF-WHITE-400-1.jpg\" data-id=\"1642\" data-link=\"https:\/\/www.techtex.ro\/en\/industry\/mcf\/mcf-white-400-1-2\/\" class=\"wp-image-1642 skip-lazy\" srcset=\"https:\/\/www.techtex.ro\/wp-content\/uploads\/MCF-WHITE-400-1.jpg 600w, https:\/\/www.techtex.ro\/wp-content\/uploads\/MCF-WHITE-400-1-300x300.jpg 300w, https:\/\/www.techtex.ro\/wp-content\/uploads\/MCF-WHITE-400-1-150x150.jpg 150w\" sizes=\"(max-width: 600px) 100vw, 600px\" \/><\/div><\/div><\/figure><\/div><\/div><\/div><div class=\"kb-slide-item kb-gallery-slide-item\"><div class=\"kadence-blocks-gallery-item\"><div class=\"kadence-blocks-gallery-item-inner\"><figure class=\"kb-gallery-figure kadence-blocks-gallery-item-hide-caption kb-has-image-ratio-square\"><div class=\"kb-gal-image-radius\"><div class=\"kb-gallery-image-contain kadence-blocks-gallery-intrinsic kb-gallery-image-ratio-square\"><img decoding=\"async\" src=\"https:\/\/www.techtex.ro\/wp-content\/uploads\/MCF-WHITE-200-1.jpg\" width=\"600\" height=\"600\" alt=\"\" data-full-image=\"https:\/\/www.techtex.ro\/wp-content\/uploads\/MCF-WHITE-200-1.jpg\" data-light-image=\"https:\/\/www.techtex.ro\/wp-content\/uploads\/MCF-WHITE-200-1.jpg\" data-id=\"1638\" data-link=\"https:\/\/www.techtex.ro\/en\/industry\/mcf\/mcf-white-200-1-2\/\" class=\"wp-image-1638 skip-lazy\" srcset=\"https:\/\/www.techtex.ro\/wp-content\/uploads\/MCF-WHITE-200-1.jpg 600w, https:\/\/www.techtex.ro\/wp-content\/uploads\/MCF-WHITE-200-1-300x300.jpg 300w, https:\/\/www.techtex.ro\/wp-content\/uploads\/MCF-WHITE-200-1-150x150.jpg 150w\" sizes=\"(max-width: 600px) 100vw, 600px\" \/><\/div><\/div><\/figure><\/div><\/div><\/div><div class=\"kb-slide-item kb-gallery-slide-item\"><div class=\"kadence-blocks-gallery-item\"><div class=\"kadence-blocks-gallery-item-inner\"><figure class=\"kb-gallery-figure kadence-blocks-gallery-item-hide-caption kb-has-image-ratio-square\"><div class=\"kb-gal-image-radius\"><div class=\"kb-gallery-image-contain kadence-blocks-gallery-intrinsic kb-gallery-image-ratio-square\"><img decoding=\"async\" src=\"https:\/\/www.techtex.ro\/wp-content\/uploads\/MCF-WHITE-150-gsm-2.jpg\" width=\"600\" height=\"600\" alt=\"\" data-full-image=\"https:\/\/www.techtex.ro\/wp-content\/uploads\/MCF-WHITE-150-gsm-2.jpg\" data-light-image=\"https:\/\/www.techtex.ro\/wp-content\/uploads\/MCF-WHITE-150-gsm-2.jpg\" data-id=\"1636\" data-link=\"https:\/\/www.techtex.ro\/en\/industry\/mcf\/mcf-white-150-gsm-2-2\/\" class=\"wp-image-1636 skip-lazy\" srcset=\"https:\/\/www.techtex.ro\/wp-content\/uploads\/MCF-WHITE-150-gsm-2.jpg 600w, https:\/\/www.techtex.ro\/wp-content\/uploads\/MCF-WHITE-150-gsm-2-300x300.jpg 300w, https:\/\/www.techtex.ro\/wp-content\/uploads\/MCF-WHITE-150-gsm-2-150x150.jpg 150w\" sizes=\"(max-width: 600px) 100vw, 600px\" \/><\/div><\/div><\/figure><\/div><\/div><\/div><div class=\"kb-slide-item kb-gallery-slide-item\"><div class=\"kadence-blocks-gallery-item\"><div class=\"kadence-blocks-gallery-item-inner\"><figure class=\"kb-gallery-figure kadence-blocks-gallery-item-hide-caption kb-has-image-ratio-square\"><div class=\"kb-gal-image-radius\"><div class=\"kb-gallery-image-contain kadence-blocks-gallery-intrinsic kb-gallery-image-ratio-square\"><img decoding=\"async\" src=\"https:\/\/www.techtex.ro\/wp-content\/uploads\/MCF-WHITE-150-gsm-1.jpg\" width=\"600\" height=\"600\" alt=\"\" data-full-image=\"https:\/\/www.techtex.ro\/wp-content\/uploads\/MCF-WHITE-150-gsm-1.jpg\" data-light-image=\"https:\/\/www.techtex.ro\/wp-content\/uploads\/MCF-WHITE-150-gsm-1.jpg\" data-id=\"1634\" data-link=\"https:\/\/www.techtex.ro\/en\/industry\/mcf\/mcf-white-150-gsm-1-2\/\" class=\"wp-image-1634 skip-lazy\" srcset=\"https:\/\/www.techtex.ro\/wp-content\/uploads\/MCF-WHITE-150-gsm-1.jpg 600w, https:\/\/www.techtex.ro\/wp-content\/uploads\/MCF-WHITE-150-gsm-1-300x300.jpg 300w, https:\/\/www.techtex.ro\/wp-content\/uploads\/MCF-WHITE-150-gsm-1-150x150.jpg 150w\" sizes=\"(max-width: 600px) 100vw, 600px\" \/><\/div><\/div><\/figure><\/div><\/div><\/div><div class=\"kb-slide-item kb-gallery-slide-item\"><div class=\"kadence-blocks-gallery-item\"><div class=\"kadence-blocks-gallery-item-inner\"><figure class=\"kb-gallery-figure kadence-blocks-gallery-item-hide-caption kb-has-image-ratio-square\"><div class=\"kb-gal-image-radius\"><div class=\"kb-gallery-image-contain kadence-blocks-gallery-intrinsic kb-gallery-image-ratio-square\"><img decoding=\"async\" src=\"https:\/\/www.techtex.ro\/wp-content\/uploads\/MCF-WHITE-150.jpg\" width=\"600\" height=\"600\" alt=\"\" data-full-image=\"https:\/\/www.techtex.ro\/wp-content\/uploads\/MCF-WHITE-150.jpg\" data-light-image=\"https:\/\/www.techtex.ro\/wp-content\/uploads\/MCF-WHITE-150.jpg\" data-id=\"1632\" data-link=\"https:\/\/www.techtex.ro\/en\/industry\/mcf\/mcf-white-150-2\/\" class=\"wp-image-1632 skip-lazy\" srcset=\"https:\/\/www.techtex.ro\/wp-content\/uploads\/MCF-WHITE-150.jpg 600w, https:\/\/www.techtex.ro\/wp-content\/uploads\/MCF-WHITE-150-300x300.jpg 300w, https:\/\/www.techtex.ro\/wp-content\/uploads\/MCF-WHITE-150-150x150.jpg 150w\" sizes=\"(max-width: 600px) 100vw, 600px\" \/><\/div><\/div><\/figure><\/div><\/div><\/div><\/div><\/div><\/div><\/div>\n<\/div>\n\n\n\n<div class=\"wp-block-column is-layout-flow wp-block-column-is-layout-flow\">\n<p><strong>Composition:<\/strong> 100 % polyester fibres<br><strong>Colour:<\/strong> white<br><strong>Form:<\/strong> solid<br><strong>Obtained by:<\/strong> mechanical consolidated by needle punching with the possibility or thermal consolidation T1 or T2<br><strong>Weight: <\/strong>150 g\/m\u00b2 &#8211; 600 g\/m\u00b2<br><strong>Maximum width:<\/strong> 2,10 m<br><strong>Maximum length:<\/strong> 50 m<br><strong>Certification:<\/strong> oeko-tex<br><strong>Testing<\/strong> Chemical testing per IOS-MAT-0010, EN ISO 10319, EN ISO 12236, EN ISO 13433, EN ISO 12956, EN ISO 11058<br><strong>Ambalare:<\/strong> spools, packaged in adequately labelled polyethylene bags<\/p>\n<\/div>\n<\/div>\n","protected":false},"excerpt":{"rendered":"<p>Composition: 100 % polyester fibresColour: whiteForm: solidObtained by: mechanical consolidated by needle punching with the possibility or thermal consolidation T1 or T2Weight: 150 g\/m\u00b2 &#8211; 600 g\/m\u00b2Maximum width: 2,10 mMaximum length: 50 mCertification: oeko-texTesting Chemical testing per IOS-MAT-0010, EN ISO 10319, EN ISO 12236, EN ISO 13433, EN ISO 12956, EN ISO 11058Ambalare: spools, packaged [&hellip;]<\/p>\n","protected":false},"author":2,"featured_media":0,"parent":1530,"menu_order":0,"comment_status":"closed","ping_status":"closed","template":"","meta":{"footnotes":""},"yoast_head":"<!-- This site is optimized with the Yoast SEO plugin v24.5 - https:\/\/yoast.com\/wordpress\/plugins\/seo\/ -->\n<title>MCF - TechTex<\/title>\n<meta name=\"robots\" content=\"index, follow, max-snippet:-1, max-image-preview:large, max-video-preview:-1\" \/>\n<link rel=\"canonical\" href=\"https:\/\/www.techtex.ro\/en\/industry\/mcf\/\" \/>\n<meta property=\"og:locale\" content=\"en_US\" \/>\n<meta property=\"og:type\" content=\"article\" \/>\n<meta property=\"og:title\" content=\"MCF - TechTex\" \/>\n<meta property=\"og:description\" content=\"Composition: 100 % polyester fibresColour: whiteForm: solidObtained by: mechanical consolidated by needle punching with the possibility or thermal consolidation T1 or T2Weight: 150 g\/m\u00b2 &#8211; 600 g\/m\u00b2Maximum width: 2,10 mMaximum length: 50 mCertification: oeko-texTesting Chemical testing per IOS-MAT-0010, EN ISO 10319, EN ISO 12236, EN ISO 13433, EN ISO 12956, EN ISO 11058Ambalare: spools, packaged [&hellip;]\" \/>\n<meta property=\"og:url\" content=\"https:\/\/www.techtex.ro\/en\/industry\/mcf\/\" \/>\n<meta property=\"og:site_name\" content=\"TechTex\" \/>\n<meta property=\"article:publisher\" content=\"https:\/\/www.facebook.com\/pg\/TECHTEXRomania\" \/>\n<meta property=\"article:modified_time\" content=\"2021-07-05T15:46:03+00:00\" \/>\n<meta property=\"og:image\" content=\"https:\/\/www.techtex.ro\/wp-content\/uploads\/MCF-WHITE-400-2.jpg\" \/>\n<meta name=\"twitter:card\" content=\"summary_large_image\" \/>\n<meta name=\"twitter:site\" content=\"@Techtex4\" \/>\n<meta name=\"twitter:label1\" content=\"Est. reading time\" \/>\n\t<meta name=\"twitter:data1\" content=\"2 minutes\" \/>\n<script type=\"application\/ld+json\" class=\"yoast-schema-graph\">{\"@context\":\"https:\/\/schema.org\",\"@graph\":[{\"@type\":\"WebPage\",\"@id\":\"https:\/\/www.techtex.ro\/en\/industry\/mcf\/\",\"url\":\"https:\/\/www.techtex.ro\/en\/industry\/mcf\/\",\"name\":\"MCF - TechTex\",\"isPartOf\":{\"@id\":\"https:\/\/www.techtex.ro\/#website\"},\"primaryImageOfPage\":{\"@id\":\"https:\/\/www.techtex.ro\/en\/industry\/mcf\/#primaryimage\"},\"image\":{\"@id\":\"https:\/\/www.techtex.ro\/en\/industry\/mcf\/#primaryimage\"},\"thumbnailUrl\":\"https:\/\/www.techtex.ro\/wp-content\/uploads\/MCF-WHITE-400-2.jpg\",\"datePublished\":\"2021-07-03T16:57:14+00:00\",\"dateModified\":\"2021-07-05T15:46:03+00:00\",\"breadcrumb\":{\"@id\":\"https:\/\/www.techtex.ro\/en\/industry\/mcf\/#breadcrumb\"},\"inLanguage\":\"en-US\",\"potentialAction\":[{\"@type\":\"ReadAction\",\"target\":[\"https:\/\/www.techtex.ro\/en\/industry\/mcf\/\"]}]},{\"@type\":\"ImageObject\",\"inLanguage\":\"en-US\",\"@id\":\"https:\/\/www.techtex.ro\/en\/industry\/mcf\/#primaryimage\",\"url\":\"https:\/\/www.techtex.ro\/wp-content\/uploads\/MCF-WHITE-400-2.jpg\",\"contentUrl\":\"https:\/\/www.techtex.ro\/wp-content\/uploads\/MCF-WHITE-400-2.jpg\"},{\"@type\":\"BreadcrumbList\",\"@id\":\"https:\/\/www.techtex.ro\/en\/industry\/mcf\/#breadcrumb\",\"itemListElement\":[{\"@type\":\"ListItem\",\"position\":1,\"name\":\"Acasa\",\"item\":\"https:\/\/www.techtex.ro\/en\/\"},{\"@type\":\"ListItem\",\"position\":2,\"name\":\"Industry\",\"item\":\"https:\/\/www.techtex.ro\/en\/industry\/\"},{\"@type\":\"ListItem\",\"position\":3,\"name\":\"MCF\"}]},{\"@type\":\"WebSite\",\"@id\":\"https:\/\/www.techtex.ro\/#website\",\"url\":\"https:\/\/www.techtex.ro\/\",\"name\":\"TechTex\",\"description\":\"Techtex este prima fabric\u0103 rom\u00e2neasc\u0103 de textile medicale \u0219i de igien\u0103.\",\"publisher\":{\"@id\":\"https:\/\/www.techtex.ro\/#organization\"},\"potentialAction\":[{\"@type\":\"SearchAction\",\"target\":{\"@type\":\"EntryPoint\",\"urlTemplate\":\"https:\/\/www.techtex.ro\/?s={search_term_string}\"},\"query-input\":{\"@type\":\"PropertyValueSpecification\",\"valueRequired\":true,\"valueName\":\"search_term_string\"}}],\"inLanguage\":\"en-US\"},{\"@type\":\"Organization\",\"@id\":\"https:\/\/www.techtex.ro\/#organization\",\"name\":\"TechTex\",\"url\":\"https:\/\/www.techtex.ro\/\",\"logo\":{\"@type\":\"ImageObject\",\"inLanguage\":\"en-US\",\"@id\":\"https:\/\/www.techtex.ro\/#\/schema\/logo\/image\/\",\"url\":\"https:\/\/www.techtex.ro\/wp-content\/uploads\/techtex-cover.jpg\",\"contentUrl\":\"https:\/\/www.techtex.ro\/wp-content\/uploads\/techtex-cover.jpg\",\"width\":1640,\"height\":720,\"caption\":\"TechTex\"},\"image\":{\"@id\":\"https:\/\/www.techtex.ro\/#\/schema\/logo\/image\/\"},\"sameAs\":[\"https:\/\/www.facebook.com\/pg\/TECHTEXRomania\",\"https:\/\/x.com\/Techtex4\",\"https:\/\/www.instagram.com\/techtexromania\/\",\"https:\/\/www.linkedin.com\/company\/techtex-romania\/\",\"https:\/\/www.youtube.com\/channel\/UCUp0uF2lDyuNy-IwG-x_FPQ\"]}]}<\/script>\n<!-- \/ Yoast SEO plugin. -->","yoast_head_json":{"title":"MCF - TechTex","robots":{"index":"index","follow":"follow","max-snippet":"max-snippet:-1","max-image-preview":"max-image-preview:large","max-video-preview":"max-video-preview:-1"},"canonical":"https:\/\/www.techtex.ro\/en\/industry\/mcf\/","og_locale":"en_US","og_type":"article","og_title":"MCF - TechTex","og_description":"Composition: 100 % polyester fibresColour: whiteForm: solidObtained by: mechanical consolidated by needle punching with the possibility or thermal consolidation T1 or T2Weight: 150 g\/m\u00b2 &#8211; 600 g\/m\u00b2Maximum width: 2,10 mMaximum length: 50 mCertification: oeko-texTesting Chemical testing per IOS-MAT-0010, EN ISO 10319, EN ISO 12236, EN ISO 13433, EN ISO 12956, EN ISO 11058Ambalare: spools, packaged [&hellip;]","og_url":"https:\/\/www.techtex.ro\/en\/industry\/mcf\/","og_site_name":"TechTex","article_publisher":"https:\/\/www.facebook.com\/pg\/TECHTEXRomania","article_modified_time":"2021-07-05T15:46:03+00:00","og_image":[{"url":"https:\/\/www.techtex.ro\/wp-content\/uploads\/MCF-WHITE-400-2.jpg","type":"","width":"","height":""}],"twitter_card":"summary_large_image","twitter_site":"@Techtex4","twitter_misc":{"Est. reading time":"2 minutes"},"schema":{"@context":"https:\/\/schema.org","@graph":[{"@type":"WebPage","@id":"https:\/\/www.techtex.ro\/en\/industry\/mcf\/","url":"https:\/\/www.techtex.ro\/en\/industry\/mcf\/","name":"MCF - TechTex","isPartOf":{"@id":"https:\/\/www.techtex.ro\/#website"},"primaryImageOfPage":{"@id":"https:\/\/www.techtex.ro\/en\/industry\/mcf\/#primaryimage"},"image":{"@id":"https:\/\/www.techtex.ro\/en\/industry\/mcf\/#primaryimage"},"thumbnailUrl":"https:\/\/www.techtex.ro\/wp-content\/uploads\/MCF-WHITE-400-2.jpg","datePublished":"2021-07-03T16:57:14+00:00","dateModified":"2021-07-05T15:46:03+00:00","breadcrumb":{"@id":"https:\/\/www.techtex.ro\/en\/industry\/mcf\/#breadcrumb"},"inLanguage":"en-US","potentialAction":[{"@type":"ReadAction","target":["https:\/\/www.techtex.ro\/en\/industry\/mcf\/"]}]},{"@type":"ImageObject","inLanguage":"en-US","@id":"https:\/\/www.techtex.ro\/en\/industry\/mcf\/#primaryimage","url":"https:\/\/www.techtex.ro\/wp-content\/uploads\/MCF-WHITE-400-2.jpg","contentUrl":"https:\/\/www.techtex.ro\/wp-content\/uploads\/MCF-WHITE-400-2.jpg"},{"@type":"BreadcrumbList","@id":"https:\/\/www.techtex.ro\/en\/industry\/mcf\/#breadcrumb","itemListElement":[{"@type":"ListItem","position":1,"name":"Acasa","item":"https:\/\/www.techtex.ro\/en\/"},{"@type":"ListItem","position":2,"name":"Industry","item":"https:\/\/www.techtex.ro\/en\/industry\/"},{"@type":"ListItem","position":3,"name":"MCF"}]},{"@type":"WebSite","@id":"https:\/\/www.techtex.ro\/#website","url":"https:\/\/www.techtex.ro\/","name":"TechTex","description":"Techtex este prima fabric\u0103 rom\u00e2neasc\u0103 de textile medicale \u0219i de igien\u0103.","publisher":{"@id":"https:\/\/www.techtex.ro\/#organization"},"potentialAction":[{"@type":"SearchAction","target":{"@type":"EntryPoint","urlTemplate":"https:\/\/www.techtex.ro\/?s={search_term_string}"},"query-input":{"@type":"PropertyValueSpecification","valueRequired":true,"valueName":"search_term_string"}}],"inLanguage":"en-US"},{"@type":"Organization","@id":"https:\/\/www.techtex.ro\/#organization","name":"TechTex","url":"https:\/\/www.techtex.ro\/","logo":{"@type":"ImageObject","inLanguage":"en-US","@id":"https:\/\/www.techtex.ro\/#\/schema\/logo\/image\/","url":"https:\/\/www.techtex.ro\/wp-content\/uploads\/techtex-cover.jpg","contentUrl":"https:\/\/www.techtex.ro\/wp-content\/uploads\/techtex-cover.jpg","width":1640,"height":720,"caption":"TechTex"},"image":{"@id":"https:\/\/www.techtex.ro\/#\/schema\/logo\/image\/"},"sameAs":["https:\/\/www.facebook.com\/pg\/TECHTEXRomania","https:\/\/x.com\/Techtex4","https:\/\/www.instagram.com\/techtexromania\/","https:\/\/www.linkedin.com\/company\/techtex-romania\/","https:\/\/www.youtube.com\/channel\/UCUp0uF2lDyuNy-IwG-x_FPQ"]}]}},"_links":{"self":[{"href":"https:\/\/www.techtex.ro\/en\/wp-json\/wp\/v2\/pages\/1560"}],"collection":[{"href":"https:\/\/www.techtex.ro\/en\/wp-json\/wp\/v2\/pages"}],"about":[{"href":"https:\/\/www.techtex.ro\/en\/wp-json\/wp\/v2\/types\/page"}],"author":[{"embeddable":true,"href":"https:\/\/www.techtex.ro\/en\/wp-json\/wp\/v2\/users\/2"}],"replies":[{"embeddable":true,"href":"https:\/\/www.techtex.ro\/en\/wp-json\/wp\/v2\/comments?post=1560"}],"version-history":[{"count":2,"href":"https:\/\/www.techtex.ro\/en\/wp-json\/wp\/v2\/pages\/1560\/revisions"}],"predecessor-version":[{"id":1646,"href":"https:\/\/www.techtex.ro\/en\/wp-json\/wp\/v2\/pages\/1560\/revisions\/1646"}],"up":[{"embeddable":true,"href":"https:\/\/www.techtex.ro\/en\/wp-json\/wp\/v2\/pages\/1530"}],"wp:attachment":[{"href":"https:\/\/www.techtex.ro\/en\/wp-json\/wp\/v2\/media?parent=1560"}],"curies":[{"name":"wp","href":"https:\/\/api.w.org\/{rel}","templated":true}]}}